{"id":2,"date":"2025-11-15T15:12:19","date_gmt":"2025-11-15T14:12:19","guid":{"rendered":"https:\/\/strona-przykladowa.pl\/?page_id=2"},"modified":"2025-11-16T09:53:55","modified_gmt":"2025-11-16T08:53:55","slug":"przykladowa-strona","status":"publish","type":"page","link":"https:\/\/strona-przykladowa.pl\/","title":{"rendered":"Tworzenie stron www &#8211; projekty w realizacji"},"content":{"rendered":"\n<div class=\"wp-block-greenshift-blocks-container gspb_container gspb_container-gsbp-78d4205\" id=\"gspb_container-id-gsbp-78d4205\">\n<section class=\"wp-block-greenshift-blocks-row alignfull gspb_row gspb_row-id-gsbp-4cad57f\" id=\"gspb_row-id-gsbp-4cad57f\"><div class=\"gspb_row__content\"> \n<div class=\"wp-block-greenshift-blocks-row-column gspb_row__col--12 gspb_col-id-gsbp-475ff18\" id=\"gspb_col-id-gsbp-475ff18\">\n<h1 id=\"gspb_heading-id-gsbp-c24e17d\" class=\"gspb_heading gspb_heading-id-gsbp-c24e17d \">Strony, kt\u00f3re powstaj\u0105 na tej domenie, s\u0105 w trakcie realizacji.<\/h1>\n\n\n\n<div id=\"gspb_text-id-gsbp-a7bd681\" class=\"gspb_text gspb_text-id-gsbp-a7bd681 \">Tymczasowo udost\u0119pniam tu projekty, nad kt\u00f3rymi aktualnie pracuj\u0119.<br>Je\u015bli chcesz zam\u00f3wi\u0107 stron\u0119 dla swojej firmy &#8211; zapraszam do kontaktu.<\/div>\n\n\n\n<p id=\"gspb_text-id-gsbp-28ff282\" class=\"gspb_text gspb_text-id-gsbp-28ff282 \"><strong><a href=\"https:\/\/pixelperfectsites.pl\/portfolio\/\">Portfolio uko\u0144czonych projekt\u00f3w ><\/a><\/strong> <br><strong><a href=\"https:\/\/pixelperfectsites.pl\/oferta\/\">Moje us\u0142ugi ><\/a><\/strong><\/p>\n\n\n\n<section class=\"wp-block-greenshift-blocks-row alignfull gspb_row gspb_row-id-gsbp-1825c17\" id=\"gspb_row-id-gsbp-1825c17\"><div class=\"gspb_row__content\"> \n<div class=\"wp-block-greenshift-blocks-row-column gspb_row__col--12 gspb_col-id-gsbp-563d63d\" id=\"gspb_col-id-gsbp-563d63d\">\n<div class=\"wp-block-greenshift-blocks-row gspb_row gspb_row-id-gsbp-172631b\" id=\"gspb_row-id-gsbp-172631b\"><div class=\"gspb_row__content\"> \n<div class=\"wp-block-greenshift-blocks-row-column gspb_row__col--2 gspb_row__col--xs-2 gspb_col-id-gsbp-ec3f776\" id=\"gspb_col-id-gsbp-ec3f776\">\n<div class=\"wp-block-greenshift-blocks-iconbox gspb_iconBox gspb_iconBox-id-gsbp-a84c5c0\" id=\"gspb_iconBox-id-gsbp-a84c5c0\"><a class=\"gspb-containerlink\" href=\"https:\/\/www.linkedin.com\/in\/tatiana-slawecka\/\" target=\"_blank\" title=\"Tatiana S\u0142awecka na LinkedIn\" rel=\"noopener\"><div class=\"gspb_iconBox__wrapper\" style=\"display:inline-flex\"><svg class=\"\" style=\"display:inline-block;vertical-align:middle\" width=\"72\" height=\"72\" viewBox=\"0 0 896 1024\" xmlns=\"http:\/\/www.w3.org\/2000\/svg\"><path style=\"fill:#565D66\" d=\"M832 64h-768.2c-35.2 0-63.8 29-63.8 64.6v766.8c0 35.6 28.6 64.6 63.8 64.6h768.2c35.2 0 64-29 64-64.6v-766.8c0-35.6-28.8-64.6-64-64.6zM270.8 832h-132.8v-427.6h133v427.6zM204.4 346c-42.6 0-77-34.6-77-77s34.4-77 77-77c42.4 0 77 34.6 77 77 0 42.6-34.4 77-77 77zM768.6 832h-132.8v-208c0-49.6-1-113.4-69-113.4-69.2 0-79.8 54-79.8 109.8v211.6h-132.8v-427.6h127.4v58.4h1.8c17.8-33.6 61.2-69 125.8-69 134.4 0 159.4 88.6 159.4 203.8v234.4z\"><\/path><\/svg><\/div><\/a><\/div>\n<\/div>\n\n\n\n<div class=\"wp-block-greenshift-blocks-row-column gspb_row__col--2 gspb_row__col--xs-2 gspb_col-id-gsbp-99ed374\" id=\"gspb_col-id-gsbp-99ed374\">\n<div class=\"wp-block-greenshift-blocks-iconbox gspb_iconBox gspb_iconBox-id-gsbp-0b448f0\" id=\"gspb_iconBox-id-gsbp-0b448f0\"><a class=\"gspb-containerlink\" href=\"https:\/\/www.facebook.com\/pixelperfectsitespl\/\" target=\"_blank\" title=\"Tatiana S\u0142awecka na LinkedIn\" rel=\"noopener\"><div class=\"gspb_iconBox__wrapper\" style=\"display:inline-flex\"><svg class=\"\" style=\"display:inline-block;vertical-align:middle\" width=\"72\" height=\"72\" viewBox=\"0 0 1024 1024\" xmlns=\"http:\/\/www.w3.org\/2000\/svg\"><path style=\"fill:#565D66\" d=\"M1008 512c0-274-222-496-496-496s-496 222-496 496c0 247.56 181.38 452.76 418.5 490v-346.62h-126v-143.38h126v-109.28c0-124.3 74-192.96 187.34-192.96 54.28 0 111.040 9.68 111.040 9.68v122h-62.56c-61.6 0-80.82 38.24-80.82 77.46v93.1h137.56l-22 143.38h-115.56v346.62c237.12-37.24 418.5-242.44 418.5-490z\"><\/path><\/svg><\/div><\/a><\/div>\n<\/div>\n\n\n\n<div class=\"wp-block-greenshift-blocks-row-column gspb_row__col--2 gspb_row__col--xs-2 gspb_col-id-gsbp-227832b\" id=\"gspb_col-id-gsbp-227832b\">\n<div class=\"wp-block-greenshift-blocks-iconbox gspb_iconBox gspb_iconBox-id-gsbp-fc02fb7\" id=\"gspb_iconBox-id-gsbp-fc02fb7\"><a class=\"gspb-containerlink\" href=\"https:\/\/www.instagram.com\/pixelperfectsites_pl\/\" target=\"_blank\" title=\"Tatiana S\u0142awecka na LinkedIn\" rel=\"noopener\"><div class=\"gspb_iconBox__wrapper\" style=\"display:inline-flex\"><svg class=\"\" style=\"display:inline-block;vertical-align:middle\" width=\"72\" height=\"72\" viewBox=\"0 0 896 1024\" xmlns=\"http:\/\/www.w3.org\/2000\/svg\"><path style=\"fill:#565D66\" d=\"M448.2 282c-127.2 0-229.8 102.6-229.8 229.8s102.6 229.8 229.8 229.8 229.8-102.6 229.8-229.8-102.6-229.8-229.8-229.8zM448.2 661.2c-82.2 0-149.4-67-149.4-149.4s67-149.4 149.4-149.4 149.4 67 149.4 149.4-67.2 149.4-149.4 149.4zM741 272.6c0 29.8-24 53.6-53.6 53.6-29.8 0-53.6-24-53.6-53.6s24-53.6 53.6-53.6 53.6 24 53.6 53.6zM893.2 327c-3.4-71.8-19.8-135.4-72.4-187.8-52.4-52.4-116-68.8-187.8-72.4-74-4.2-295.8-4.2-369.8 0-71.6 3.4-135.2 19.8-187.8 72.2s-68.8 116-72.4 187.8c-4.2 74-4.2 295.8 0 369.8 3.4 71.8 19.8 135.4 72.4 187.8s116 68.8 187.8 72.4c74 4.2 295.8 4.2 369.8 0 71.8-3.4 135.4-19.8 187.8-72.4 52.4-52.4 68.8-116 72.4-187.8 4.2-74 4.2-295.6 0-369.6zM797.6 776c-15.6 39.2-45.8 69.4-85.2 85.2-59 23.4-199 18-264.2 18s-205.4 5.2-264.2-18c-39.2-15.6-69.4-45.8-85.2-85.2-23.4-59-18-199-18-264.2s-5.2-205.4 18-264.2c15.6-39.2 45.8-69.4 85.2-85.2 59-23.4 199-18 264.2-18s205.4-5.2 264.2 18c39.2 15.6 69.4 45.8 85.2 85.2 23.4 59 18 199 18 264.2s5.4 205.4-18 264.2z\"><\/path><\/svg><\/div><\/a><\/div>\n<\/div>\n\n\n\n<div class=\"wp-block-greenshift-blocks-row-column gspb_row__col--2 gspb_row__col--xs-2 gspb_col-id-gsbp-2693a36\" id=\"gspb_col-id-gsbp-2693a36\">\n<div class=\"wp-block-greenshift-blocks-iconbox gspb_iconBox gspb_iconBox-id-gsbp-15ee158\" id=\"gspb_iconBox-id-gsbp-15ee158\"><a class=\"gspb-containerlink\" href=\"tel:+48517226068\" title=\"Tatiana S\u0142awecka na LinkedIn\" rel=\"noopener\"><div class=\"gspb_iconBox__wrapper\" style=\"display:inline-flex\"><svg class=\"\" style=\"display:inline-block;vertical-align:middle\" width=\"72\" height=\"72\" viewBox=\"0 0 640 1024\" xmlns=\"http:\/\/www.w3.org\/2000\/svg\"><path style=\"fill:#565D66\" d=\"M384 832c0 35.4-28.6 64-64 64s-64-28.6-64-64 28.6-64 64-64 64 28.6 64 64zM640 96v832c0 53-43 96-96 96h-448c-53 0-96-43-96-96v-832c0-53 43-96 96-96h448c53 0 96 43 96 96zM544 916v-808c0-6.6-5.4-12-12-12h-424c-6.6 0-12 5.4-12 12v808c0 6.6 5.4 12 12 12h424c6.6 0 12-5.4 12-12z\"><\/path><\/svg><\/div><\/a><\/div>\n<\/div>\n\n\n\n<div class=\"wp-block-greenshift-blocks-row-column gspb_row__col--2 gspb_row__col--xs-2 gspb_col-id-gsbp-67fc06c\" id=\"gspb_col-id-gsbp-67fc06c\">\n<div class=\"wp-block-greenshift-blocks-iconbox gspb_iconBox gspb_iconBox-id-gsbp-99af299\" id=\"gspb_iconBox-id-gsbp-99af299\"><a class=\"gspb-containerlink\" href=\"https:\/\/wa.me\/+48733159648?text=Hi\/\" target=\"_blank\" title=\"Tatiana S\u0142awecka na LinkedIn\" rel=\"noopener\"><div class=\"gspb_iconBox__wrapper\" style=\"display:inline-flex\"><svg class=\"\" style=\"display:inline-block;vertical-align:middle\" width=\"72\" height=\"72\" viewBox=\"0 0 896 1024\" xmlns=\"http:\/\/www.w3.org\/2000\/svg\"><path style=\"fill:#565D66\" d=\"M761.8 194.2c-83.8-84-195.4-130.2-314-130.2-244.8 0-444 199.2-444 444 0 78.2 20.4 154.6 59.2 222l-63 230 235.4-61.8c64.8 35.4 137.8 54 212.2 54h0.2c244.6 0 448.2-199.2 448.2-444 0-118.6-50.4-230-134.2-314zM447.8 877.4c-66.4 0-131.4-17.8-188-51.4l-13.4-8-139.6 36.6 37.2-136.2-8.8-14c-37-58.8-56.4-126.6-56.4-196.4 0-203.4 165.6-369 369.2-369 98.6 0 191.2 38.4 260.8 108.2s112.4 162.4 112.2 261c0 203.6-169.8 369.2-373.2 369.2zM650.2 601c-11-5.6-65.6-32.4-75.8-36-10.2-3.8-17.6-5.6-25 5.6s-28.6 36-35.2 43.6c-6.4 7.4-13 8.4-24 2.8-65.2-32.6-108-58.2-151-132-11.4-19.6 11.4-18.2 32.6-60.6 3.6-7.4 1.8-13.8-1-19.4s-25-60.2-34.2-82.4c-9-21.6-18.2-18.6-25-19-6.4-0.4-13.8-0.4-21.2-0.4s-19.4 2.8-29.6 13.8c-10.2 11.2-38.8 38-38.8 92.6s39.8 107.4 45.2 114.8c5.6 7.4 78.2 119.4 189.6 167.6 70.4 30.4 98 33 133.2 27.8 21.4-3.2 65.6-26.8 74.8-52.8s9.2-48.2 6.4-52.8c-2.6-5-10-7.8-21-13.2z\"><\/path><\/svg><\/div><\/a><\/div>\n<\/div>\n\n\n\n<div class=\"wp-block-greenshift-blocks-row-column gspb_row__col--2 gspb_row__col--xs-2 gspb_col-id-gsbp-917faa1\" id=\"gspb_col-id-gsbp-917faa1\">\n<div class=\"wp-block-greenshift-blocks-iconbox gspb_iconBox gspb_iconBox-id-gsbp-75de4c7\" id=\"gspb_iconBox-id-gsbp-75de4c7\"><a class=\"gspb-containerlink\" href=\"mailto:info@pixelperfectsites.pl\" target=\"_blank\" title=\"Tatiana S\u0142awecka na LinkedIn\" rel=\"noopener\"><div class=\"gspb_iconBox__wrapper\" style=\"display:inline-flex\"><svg class=\"\" style=\"display:inline-block;vertical-align:middle\" width=\"72\" height=\"72\" viewBox=\"0 0 1024 1024\" xmlns=\"http:\/\/www.w3.org\/2000\/svg\"><path style=\"fill:#565D66\" d=\"M928 128h-832c-53 0-96 43-96 96v576c0 53 43 96 96 96h832c53 0 96-43 96-96v-576c0-53-43-96-96-96zM96 192h832c17.6 0 32 14.4 32 32v82.8c-43.8 37-106.4 88-301.2 242.6-33.8 26.8-100.4 91.4-146.8 90.6-46.4 0.8-113.2-63.8-146.8-90.6-194.8-154.6-257.4-205.6-301.2-242.6v-82.8c0-17.6 14.4-32 32-32zM928 832h-832c-17.6 0-32-14.4-32-32v-410c45.6 37.4 117.6 95.2 261.4 209.4 41 32.8 113.4 105 186.6 104.6 72.8 0.6 144.6-71 186.6-104.6 143.8-114.2 215.8-172 261.4-209.4v410c0 17.6-14.4 32-32 32z\"><\/path><\/svg><\/div><\/a><\/div>\n<\/div>\n <\/div><\/div>\n<\/div>\n <\/div><\/section>\n\n\n\n<section class=\"wp-block-greenshift-blocks-row alignfull gspb_row gspb_row-id-gsbp-6f97a62\" id=\"gspb_row-id-gsbp-6f97a62\"><div class=\"gspb_row__content\">  <\/div><\/section>\n<\/div>\n\n\n\n<div class=\"wp-block-greenshift-blocks-row-column gspb_row__col--12 gspb_col-id-gsbp-027e30b\" id=\"gspb_col-id-gsbp-027e30b\">\n<div class=\"wp-block-greenshift-blocks-image gspb_image gspb_image-id-gsbp-034ea21\" id=\"gspb_image-id-gsbp-034ea21\"><a href=\"https:\/\/pixelperfectsites.pl\/#o-mnie\" title=\"Tatiana S\u0142awecka - o mnie\" ><img decoding=\"async\" src=\"https:\/\/strona-przykladowa.pl\/wp-content\/uploads\/2025\/11\/7.png\" data-src=\"\" alt=\"Tatiana S\u0142awecka\" loading=\"lazy\" width=\"420\" height=\"1080\" title=\"Tatiana S\u0142awecka\"\/><\/a><\/div>\n<\/div>\n <\/div><\/section>\n<\/div>\n","protected":false},"excerpt":{"rendered":"","protected":false},"author":1,"featured_media":7,"parent":0,"menu_order":0,"comment_status":"closed","ping_status":"open","template":"","meta":{"_gspb_post_css":".gspb_container-id-gsbp-78d4205{flex-direction:column;box-sizing:border-box}#gspb_container-id-gsbp-78d4205.gspb_container>p:last-of-type{margin-bottom:0}#gspb_container-id-gsbp-78d4205.gspb_container{position:relative;margin-top:80px}@media (max-width:575.98px){#gspb_container-id-gsbp-78d4205.gspb_container{margin-top:0}}#gspb_row-id-gsbp-4cad57f{justify-content:space-between;margin-top:0;margin-bottom:0;display:flex;flex-wrap:wrap}#gspb_row-id-gsbp-4cad57f>.gspb_row__content{display:flex;justify-content:space-between;margin:0 auto;width:100%;flex-wrap:wrap}div[id^=gspb_col-id]{box-sizing:border-box;position:relative;padding:var(--gs-row-column-padding, 15px min(3vw, 20px))}body.gspb-bodyfront #gspb_row-id-gsbp-4cad57f>.gspb_row__content{width:var(--theme-container-width, 1200px);max-width:var(--theme-normal-container-max-width, 1200px)}#gspb_col-id-gsbp-475ff18.gspb_row__col--12{width:100%}@media (max-width:575.98px){#gspb_col-id-gsbp-475ff18.gspb_row__col--12{width:100%}}@media (min-width:992px){body.gspb-bodyfront #gspb_col-id-gsbp-475ff18.gspb_row__col--12{width:calc(50% - 0px - 0px)}}.gspb_row #gspb_col-id-gsbp-475ff18.gspb_row__col--12{margin-left:0}#gspb_heading-id-gsbp-c24e17d{font-size:36px;line-height:40px}@media (max-width:575.98px){#gspb_heading-id-gsbp-c24e17d{font-size:26px;line-height:30px;text-align:center!important}#gspb_heading-id-gsbp-c24e17d .gsap-g-line{text-align:center!important}}#gspb_heading-id-gsbp-c24e17d{margin-bottom:20px}.gspb_text-id-gsbp-a7bd681{font-size:18px}@media (max-width:575.98px){.gspb_text-id-gsbp-a7bd681{font-size:16px}.gspb_text-id-gsbp-a7bd681,.gspb_text-id-gsbp-a7bd681 .gsap-g-line{text-align:center!important}}.gspb_text-id-gsbp-a7bd681{margin-top:20px!important;margin-bottom:20px!important}.gspb_text-id-gsbp-28ff282{font-size:24px}@media (max-width:575.98px){.gspb_text-id-gsbp-28ff282{font-size:20px}.gspb_text-id-gsbp-28ff282,.gspb_text-id-gsbp-28ff282 .gsap-g-line{text-align:center!important}}.gspb_text-id-gsbp-28ff282 .wp-block a,.gspb_text-id-gsbp-28ff282 a{color:var(--wp--preset--color--palette-color-1, var(--theme-palette-color-1, #7456f1))}.gspb_text-id-gsbp-28ff282 .wp-block a:hover,.gspb_text-id-gsbp-28ff282 a:hover{color:var(--wp--preset--color--palette-color-2, var(--theme-palette-color-2, #5e3fde))}.gspb_text-id-gsbp-28ff282 .wp-block a,.gspb_text-id-gsbp-28ff282 a{display:inline;background-repeat:no-repeat;background-image:linear-gradient(transparent calc(100% - 1px),currentColor 1px);transition:.7s ease;background-size:0 95%;text-decoration:none}.gspb_text-id-gsbp-28ff282 .wp-block a:hover,.gspb_text-id-gsbp-28ff282 a:hover{background-size:100% 95%}#gspb_row-id-gsbp-172631b,#gspb_row-id-gsbp-6f97a62{justify-content:space-between;margin-bottom:0;display:flex;flex-wrap:wrap;margin-top:20px}#gspb_row-id-gsbp-172631b>.gspb_row__content{display:flex;justify-content:space-between;margin:0 auto;width:100%;flex-wrap:wrap}.gspb_row{position:relative}#gspb_col-id-gsbp-ec3f776.gspb_row__col--2{width:16.666666666666668%}@media (max-width:575.98px){#gspb_col-id-gsbp-ec3f776.gspb_row__col--2{width:16.666666666666668%}}.gspb_row #gspb_col-id-gsbp-ec3f776.gspb_row__col--2{padding-left:0}#gspb_iconBox-id-gsbp-a84c5c0 svg{height:50px!important;width:50px!important;min-width:50px!important}#gspb_iconBox-id-gsbp-0b448f0 a,#gspb_iconBox-id-gsbp-15ee158 a,#gspb_iconBox-id-gsbp-75de4c7 a,#gspb_iconBox-id-gsbp-99af299 a,#gspb_iconBox-id-gsbp-a84c5c0 a,#gspb_iconBox-id-gsbp-fc02fb7 a{justify-content:center;display:flex}@media (max-width:575.98px){#gspb_iconBox-id-gsbp-a84c5c0 svg{height:30px!important;width:30px!important;min-width:30px!important}}#gspb_iconBox-id-gsbp-a84c5c0 svg,#gspb_iconBox-id-gsbp-a84c5c0 svg path{fill:var(--wp--preset--color--palette-color-3, var(--theme-palette-color-3, #4d5d6d))!important}#gspb_iconBox-id-gsbp-a84c5c0 svg{margin:0!important}#gspb_iconBox-id-gsbp-0b448f0 svg:hover,#gspb_iconBox-id-gsbp-0b448f0 svg:hover path,#gspb_iconBox-id-gsbp-15ee158 svg:hover,#gspb_iconBox-id-gsbp-15ee158 svg:hover path,#gspb_iconBox-id-gsbp-75de4c7 svg:hover,#gspb_iconBox-id-gsbp-75de4c7 svg:hover path,#gspb_iconBox-id-gsbp-99af299 svg:hover,#gspb_iconBox-id-gsbp-99af299 svg:hover path,#gspb_iconBox-id-gsbp-a84c5c0 svg:hover,#gspb_iconBox-id-gsbp-a84c5c0 svg:hover path,#gspb_iconBox-id-gsbp-fc02fb7 svg:hover,#gspb_iconBox-id-gsbp-fc02fb7 svg:hover path{fill:var(--theme-link-initial-color, currentColor)!important}#gspb_col-id-gsbp-99ed374.gspb_row__col--2{width:16.666666666666668%}@media (max-width:575.98px){#gspb_col-id-gsbp-99ed374.gspb_row__col--2{width:16.666666666666668%}}#gspb_iconBox-id-gsbp-0b448f0 svg{height:50px!important;width:50px!important;min-width:50px!important}@media (max-width:575.98px){#gspb_iconBox-id-gsbp-0b448f0 svg{height:30px!important;width:30px!important;min-width:30px!important}}#gspb_iconBox-id-gsbp-0b448f0 svg,#gspb_iconBox-id-gsbp-0b448f0 svg path{fill:var(--wp--preset--color--palette-color-3, var(--theme-palette-color-3, #4d5d6d))!important}#gspb_iconBox-id-gsbp-0b448f0 svg{margin:0!important}#gspb_col-id-gsbp-227832b.gspb_row__col--2{width:16.666666666666668%}@media (max-width:575.98px){#gspb_col-id-gsbp-227832b.gspb_row__col--2{width:16.666666666666668%}}#gspb_iconBox-id-gsbp-fc02fb7 svg{height:50px!important;width:50px!important;min-width:50px!important}@media (max-width:575.98px){#gspb_iconBox-id-gsbp-fc02fb7 svg{height:30px!important;width:30px!important;min-width:30px!important}}#gspb_iconBox-id-gsbp-fc02fb7 svg,#gspb_iconBox-id-gsbp-fc02fb7 svg path{fill:var(--wp--preset--color--palette-color-3, var(--theme-palette-color-3, #4d5d6d))!important}#gspb_iconBox-id-gsbp-fc02fb7 svg{margin:0!important}#gspb_col-id-gsbp-2693a36.gspb_row__col--2{width:16.666666666666668%}@media (max-width:575.98px){#gspb_col-id-gsbp-2693a36.gspb_row__col--2{width:16.666666666666668%}}#gspb_iconBox-id-gsbp-15ee158 svg{height:50px!important;width:50px!important;min-width:50px!important}@media (max-width:575.98px){#gspb_iconBox-id-gsbp-15ee158 svg{height:30px!important;width:30px!important;min-width:30px!important}}#gspb_iconBox-id-gsbp-15ee158 svg,#gspb_iconBox-id-gsbp-15ee158 svg path{fill:var(--wp--preset--color--palette-color-3, var(--theme-palette-color-3, #4d5d6d))!important}#gspb_iconBox-id-gsbp-15ee158 svg{margin:0!important}#gspb_col-id-gsbp-67fc06c.gspb_row__col--2{width:16.666666666666668%}@media (max-width:575.98px){#gspb_col-id-gsbp-67fc06c.gspb_row__col--2{width:16.666666666666668%}}#gspb_iconBox-id-gsbp-99af299 svg{height:50px!important;width:50px!important;min-width:50px!important}@media (max-width:575.98px){#gspb_iconBox-id-gsbp-99af299 svg{height:30px!important;width:30px!important;min-width:30px!important}}#gspb_iconBox-id-gsbp-99af299 svg,#gspb_iconBox-id-gsbp-99af299 svg path{fill:var(--wp--preset--color--palette-color-3, var(--theme-palette-color-3, #4d5d6d))!important}#gspb_iconBox-id-gsbp-99af299 svg{margin:0!important}#gspb_col-id-gsbp-917faa1.gspb_row__col--2{width:16.666666666666668%}@media (max-width:575.98px){#gspb_col-id-gsbp-917faa1.gspb_row__col--2{width:16.666666666666668%}}#gspb_iconBox-id-gsbp-75de4c7 svg{height:50px!important;width:50px!important;min-width:50px!important}@media (max-width:575.98px){#gspb_iconBox-id-gsbp-75de4c7 svg{height:30px!important;width:30px!important;min-width:30px!important}}#gspb_iconBox-id-gsbp-75de4c7 svg,#gspb_iconBox-id-gsbp-75de4c7 svg path{fill:var(--wp--preset--color--palette-color-3, var(--theme-palette-color-3, #4d5d6d))!important}#gspb_iconBox-id-gsbp-75de4c7 svg{margin:0!important}#gspb_row-id-gsbp-6f97a62{margin-top:0}#gspb_row-id-gsbp-6f97a62>.gspb_row__content{display:flex;justify-content:space-between;margin:0 auto;width:100%;flex-wrap:wrap}body.gspb-bodyfront #gspb_row-id-gsbp-172631b>.gspb_row__content,body.gspb-bodyfront #gspb_row-id-gsbp-6f97a62>.gspb_row__content{width:var(--theme-container-width, 1200px);max-width:var(--theme-normal-container-max-width, 1200px)}#gspb_col-id-gsbp-027e30b.gspb_row__col--12{width:100%}@media (max-width:575.98px){#gspb_col-id-gsbp-027e30b.gspb_row__col--12{width:100%}}@media (min-width:992px){body.gspb-bodyfront #gspb_col-id-gsbp-027e30b.gspb_row__col--12{width:calc(50% - 0px - 0px)}}#gspb_image-id-gsbp-034ea21{text-align:center;height:auto}#gspb_image-id-gsbp-034ea21 img{vertical-align:top;display:inline-block;box-sizing:border-box;max-width:100%;width:420px;height:auto}@media (max-width:991.98px){#gspb_image-id-gsbp-034ea21,#gspb_image-id-gsbp-034ea21 img{height:auto}}@media (max-width:767.98px){#gspb_image-id-gsbp-034ea21,#gspb_image-id-gsbp-034ea21 img{height:auto}}@media (max-width:575.98px){#gspb_image-id-gsbp-034ea21,#gspb_image-id-gsbp-034ea21 img{height:auto}}#gspb_row-id-gsbp-1825c17{justify-content:space-between;margin-top:0;margin-bottom:0;display:flex;flex-wrap:wrap;margin-left:0;padding-left:0;min-width:50%;max-width:70%}#gspb_row-id-gsbp-1825c17>.gspb_row__content{display:flex;justify-content:space-between;margin:0 auto;width:100%;flex-wrap:wrap}body.gspb-bodyfront #gspb_row-id-gsbp-1825c17>.gspb_row__content{width:var(--theme-container-width, 1200px);max-width:var(--theme-normal-container-max-width, 1200px)}@media (max-width:575.98px){#gspb_row-id-gsbp-1825c17{min-width:90%;max-width:100%}}#gspb_col-id-gsbp-563d63d.gspb_row__col--12{width:100%}@media (max-width:575.98px){#gspb_col-id-gsbp-563d63d.gspb_row__col--12{width:100%}}.gspb_row #gspb_col-id-gsbp-563d63d.gspb_row__col--12{margin-left:0;padding-left:0}","footnotes":""},"class_list":["post-2","page","type-page","status-publish","has-post-thumbnail","hentry"],"blocksy_meta":[],"_links":{"self":[{"href":"https:\/\/strona-przykladowa.pl\/index.php?rest_route=\/wp\/v2\/pages\/2","targetHints":{"allow":["GET"]}}],"collection":[{"href":"https:\/\/strona-przykladowa.pl\/index.php?rest_route=\/wp\/v2\/pages"}],"about":[{"href":"https:\/\/strona-przykladowa.pl\/index.php?rest_route=\/wp\/v2\/types\/page"}],"author":[{"embeddable":true,"href":"https:\/\/strona-przykladowa.pl\/index.php?rest_route=\/wp\/v2\/users\/1"}],"replies":[{"embeddable":true,"href":"https:\/\/strona-przykladowa.pl\/index.php?rest_route=%2Fwp%2Fv2%2Fcomments&post=2"}],"version-history":[{"count":23,"href":"https:\/\/strona-przykladowa.pl\/index.php?rest_route=\/wp\/v2\/pages\/2\/revisions"}],"predecessor-version":[{"id":49,"href":"https:\/\/strona-przykladowa.pl\/index.php?rest_route=\/wp\/v2\/pages\/2\/revisions\/49"}],"wp:featuredmedia":[{"embeddable":true,"href":"https:\/\/strona-przykladowa.pl\/index.php?rest_route=\/wp\/v2\/media\/7"}],"wp:attachment":[{"href":"https:\/\/strona-przykladowa.pl\/index.php?rest_route=%2Fwp%2Fv2%2Fmedia&parent=2"}],"curies":[{"name":"wp","href":"https:\/\/api.w.org\/{rel}","templated":true}]}}